{"id":96,"date":"2014-06-23T17:40:05","date_gmt":"2014-06-23T16:40:05","guid":{"rendered":"http:\/\/www.estelle-halm.fr\/\/?page_id=96"},"modified":"2024-09-03T09:49:46","modified_gmt":"2024-09-03T08:49:46","slug":"psychogenealogie","status":"publish","type":"page","link":"https:\/\/www.estelle-halm.fr\/?page_id=96","title":{"rendered":"Psychog\u00e9n\u00e9alogie"},"content":{"rendered":"<p style=\"text-align: center;\"><a href=\"https:\/\/www.estelle-halm.fr\/\/wp-content\/uploads\/2014\/06\/Psycho.jpg\"><img loading=\"lazy\" decoding=\"async\" class=\"alignnone size-full wp-image-163\" src=\"https:\/\/www.estelle-halm.fr\/\/wp-content\/uploads\/2014\/06\/Psycho.jpg\" alt=\"Psycho\" width=\"150\" height=\"169\" \/><\/a><\/p>\n<p style=\"text-align: justify;\"><span style=\"font-family: verdana, geneva; font-size: 12pt; color: #808080;\">C\u2019est au travers de l\u2019exploration de l\u2019arbre g\u00e9n\u00e9alogique de chacun que vous pourrez acqu\u00e9rir des connaissances sur la fa\u00e7on de le construire, comment l\u2019analyser et en tirer les enseignements utiles pour votre d\u00e9veloppement personnel ou celui de vos clients<\/span><\/p>\n<p style=\"text-align: justify;\"><span style=\"font-family: verdana, geneva; font-size: 12pt; color: #808080;\">Nous nous servirons de diff\u00e9rents outils (lettres, constellations familiales, actes symboliques) pour tenter de r\u00e9soudre d\u2019\u00e9ventuelles situations difficiles mises \u00e0 jour dans le syst\u00e8me familial.<\/span><\/p>\n<p style=\"text-align: justify;\"><span style=\"font-family: verdana, geneva; font-size: 12pt; color: #808080;\">Il vous sera ainsi donn\u00e9 l\u2019occasion d\u2019effectuer un travail personnel sur votre histoire familiale.<\/span><\/p>\n<p style=\"text-align: justify;\"><span style=\"font-family: verdana, geneva; font-size: 12pt; color: #808080;\">Chaque module vous apportera des aspects th\u00e9oriques au travers de l\u2019enseignement et des aspects pratiques au travers de l\u2019\u00e9tude de l\u2019arbre de chacun des participants et \u00e9ventuellement de constellations familiales.<\/span><\/p>\n<p style=\"text-align: justify;\"><span style=\"font-family: verdana, geneva; font-size: 12pt; color: #808080;\">Vous trouverez ci-dessous un aspect du contenu des modules que nous aborderons tout au long de cette formation.<\/span><\/p>\n<p style=\"text-align: justify;\"><span style=\"font-family: verdana, geneva; font-size: 12pt; color: #808080;\"><strong>MODULE 1 Initiation \u00e0 la psychog\u00e9n\u00e9alogie<\/strong><\/span><\/p>\n<p style=\"text-align: justify;\"><span style=\"font-family: verdana, geneva; font-size: 12pt; color: #808080;\">D\u00e9finition et objectif<\/span><br \/>\n<span style=\"font-family: verdana, geneva; font-size: 12pt; color: #808080;\"> Le motif de la consultation<\/span><br \/>\n<span style=\"font-family: verdana, geneva; font-size: 12pt; color: #808080;\"> La notion de syst\u00e9mie<br \/>\nLa construction d\u2019un g\u00e9nosociogramme<br \/>\nLes syst\u00e8mes de croyances<br \/>\n<\/span><\/p>\n<p style=\"text-align: justify;\"><span style=\"font-family: verdana, geneva; font-size: 12pt; color: #808080;\"> <strong>MODULE 2 Le couple \/ Les relations amoureuses &gt;<\/strong><\/span><\/p>\n<p style=\"text-align: justify;\"><span style=\"font-family: verdana, geneva; font-size: 12pt; color: #808080;\">Les circonstances de la rencontre<\/span><br \/>\n<span style=\"font-family: verdana, geneva; font-size: 12pt; color: #808080;\"> Les alliances et le transg\u00e9n\u00e9rationnel<\/span><br \/>\n<span style=\"font-family: verdana, geneva; font-size: 12pt; color: #808080;\"> Les dates, les synchronicit\u00e9s, les \u00e2ges signifiants, la bascule trans g\u00e9n\u00e9rationnelle<\/span><br \/>\n<span style=\"font-family: verdana, geneva; font-size: 12pt; color: #808080;\"> Les d\u00e9sordres amoureux<\/span><\/p>\n<p style=\"text-align: justify;\"><span style=\"font-family: verdana, geneva; font-size: 12pt; color: #808080;\"><strong>MODULE 3 Le Projet-sens \/ La relation \u00e0 l\u2019argent\u00a0<\/strong><\/span><\/p>\n<ul style=\"list-style-type: circle; text-align: justify;\">\n<li><span style=\"color: #808080; font-family: verdana, geneva;\"><strong>Le Projet-sens<\/strong><\/span><\/li>\n<\/ul>\n<p style=\"text-align: justify;\"><span style=\"font-family: verdana, geneva; font-size: 12pt; color: #808080;\">les 9 mois avant la conception<br \/>\nLes 9 mois de la grossesse<br \/>\nLes 9 apr\u00e8s la grossesse<br \/>\nLes dates, les pr\u00e9noms<br \/>\nComment d\u00e9terminer son projet-sens<br \/>\nLes cycles biologiques cellulaires m\u00e9moris\u00e9s<br \/>\n<\/span><\/p>\n<ul style=\"list-style-type: circle; text-align: justify;\">\n<li><span style=\"color: #808080; font-family: verdana, geneva;\"><strong>L\u2019amour et\u00a0l\u2019argent\u00a0<\/strong><\/span><\/li>\n<\/ul>\n<p style=\"text-align: justify;\"><span style=\"font-family: verdana, geneva; font-size: 12pt; color: #808080;\">Le d\u00e9veloppement psycho-affectif\u00a0 de l\u2019enfant<\/span><br \/>\n<span style=\"font-family: verdana, geneva; font-size: 12pt; color: #808080;\"> Les comportements familiaux et sociaux<\/span><br \/>\n<span style=\"font-family: verdana, geneva; font-size: 12pt; color: #808080;\"> Les fid\u00e9lit\u00e9s transg\u00e9n\u00e9rationnelles<\/span><br \/>\n<span style=\"font-family: verdana, geneva; font-size: 12pt; color: #808080;\"> les pathologies li\u00e9es \u00e0 l\u2019argent<\/span><\/p>\n<p style=\"text-align: justify;\"><span style=\"font-family: verdana, geneva; font-size: 12pt; color: #808080;\">\u00a0<\/span><\/p>\n<p style=\"text-align: justify;\"><span style=\"font-family: verdana, geneva; font-size: 12pt; color: #808080;\"><strong>MODULE 4 Filiation et fratrie<br \/>\n<\/strong><em><br \/>\n<\/em>Quelle est ma place au sein de ma famille d\u2019origine\u00a0?<br \/>\nLa question de la place\u00a0: nombre de grossesses, rangs de fratrie<br \/>\nLa place de l\u2019enfant dans le cadre familial.<br \/>\nFiliation l\u00e9gitime, naturelle, adoptive.<br \/>\nSecrets de filiation<br \/>\n<\/span><\/p>\n<p style=\"text-align: justify;\"><span style=\"font-family: verdana, geneva; color: #808080;\">\u00a0<\/span><\/p>\n<p style=\"text-align: justify;\"><span style=\"font-family: verdana, geneva; font-size: 12pt; color: #808080;\"><strong>MODULE 5 L\u2019abandon\u00a0<\/strong><\/span><\/p>\n<p style=\"text-align: justify;\"><span style=\"font-family: verdana, geneva; font-size: 12pt; color: #808080;\">Historique de l\u2019abandon.<br \/>\nLe sentiment d\u2019abandon.<br \/>\nLa transmission du sentiment d\u2019abandon<br \/>\nL\u2019abandon en psychog\u00e9n\u00e9alogie<br \/>\nLes abandons et leurs cons\u00e9quences<br \/>\nLa symbolique des pr\u00e9noms et des dates.<br \/>\n<\/span><\/p>\n<p style=\"text-align: justify;\"><span style=\"font-family: verdana, geneva; font-size: 12pt; color: #808080;\"> <strong>MODULE 6 Les probl\u00e9matiques de deuil<\/strong><\/span><\/p>\n<p style=\"text-align: justify;\"><span style=\"font-family: verdana, geneva; font-size: 12pt; color: #808080;\">Les diff\u00e9rentes \u00e9tapes du deuil<\/span><br \/>\n<span style=\"font-family: verdana, geneva; font-size: 12pt; color: #808080;\"> Les d\u00e9c\u00e8s qui ont le plus d\u2019impact sur la descendance<\/span><br \/>\n<span style=\"font-family: verdana, geneva; font-size: 12pt; color: #808080;\"> Rep\u00e9rer les deuils bloqu\u00e9s<\/span><br \/>\n<span style=\"font-family: verdana, geneva; font-size: 12pt; color: #808080;\"> Les rituels de deuils<\/span><\/p>\n<p style=\"text-align: justify;\"><span style=\"color: #808080; font-family: verdana, geneva;\">\u00a0<\/span><\/p>\n<p style=\"text-align: justify;\"><span style=\"font-family: verdana, geneva; font-size: 12pt; color: #808080;\"><strong>MODULE 7 L\u2019impact des faits historiques sur notre clan<\/strong><\/span><\/p>\n<p style=\"text-align: justify;\"><span style=\"font-family: verdana, geneva; font-size: 12pt; color: #808080;\">Les Croisades<\/span><br \/>\n<span style=\"font-family: verdana, geneva; font-size: 12pt; color: #808080;\"> La R\u00e9volution Fran\u00e7aise<\/span><br \/>\n<span style=\"font-family: verdana, geneva; font-size: 12pt; color: #808080;\"> L\u2019Empire et les Guerres Napol\u00e9oniennes<\/span><br \/>\n<span style=\"font-family: verdana, geneva; font-size: 12pt; color: #808080;\"> La Premi\u00e8re Guerre Mondiale<\/span><br \/>\n<span style=\"font-family: verdana, geneva; font-size: 12pt; color: #808080;\"> La Deuxi\u00e8me Guerre Mondiale<\/span><br \/>\n<span style=\"font-family: verdana, geneva; font-size: 12pt; color: #808080;\"> Les guerres\u00a0d\u2019Indochine et d\u2019Alg\u00e9rie<\/span><\/p>\n<p style=\"text-align: justify;\"><span style=\"font-family: verdana, geneva; font-size: 12pt; color: #808080;\"><strong><br \/>\nMODULE 8 Les maladies en psychog\u00e9n\u00e9alogie<\/strong><\/span><\/p>\n<p style=\"text-align: justify;\"><span style=\"font-family: verdana, geneva; font-size: 12pt; color: #808080;\">La Biologie de l\u2019\u00eatre humain<br \/>\nLes \u00e9motions g\u00e9n\u00e9rant des maladies<\/span><\/p>\n<p><span style=\"font-family: verdana, geneva;\">\u00a0<\/span><\/p>\n<p><span style=\"font-family: 'comic sans ms', sans-serif; font-size: 12pt;\"><br \/>\n<strong><span style=\"font-family: verdana, geneva;\"><span style=\"color: #ff0000;\"> Conditions d\u2019inscription\u00a0:\u00a0<a href=\"https:\/\/www.estelle-halm.fr\/\/?page_id=159\"><span style=\"color: #ff0000;\">voir calendrier, tarifs et conditions d\u2019inscription<\/span><\/a><\/span><\/span><\/strong><br \/>\n<\/span><\/p>\n","protected":false},"excerpt":{"rendered":"<p>C\u2019est au travers de l\u2019exploration de l\u2019arbre g\u00e9n\u00e9alogique de chacun que vous pourrez acqu\u00e9rir des connaissances sur la fa\u00e7on de le construire, comment l\u2019analyser et&hellip;<\/p>\n","protected":false},"author":1,"featured_media":0,"parent":0,"menu_order":2,"comment_status":"closed","ping_status":"closed","template":"","meta":{"footnotes":""},"class_list":["post-96","page","type-page","status-publish","hentry"],"_links":{"self":[{"href":"https:\/\/www.estelle-halm.fr\/index.php?rest_route=\/wp\/v2\/pages\/96","targetHints":{"allow":["GET"]}}],"collection":[{"href":"https:\/\/www.estelle-halm.fr\/index.php?rest_route=\/wp\/v2\/pages"}],"about":[{"href":"https:\/\/www.estelle-halm.fr\/index.php?rest_route=\/wp\/v2\/types\/page"}],"author":[{"embeddable":true,"href":"https:\/\/www.estelle-halm.fr\/index.php?rest_route=\/wp\/v2\/users\/1"}],"replies":[{"embeddable":true,"href":"https:\/\/www.estelle-halm.fr\/index.php?rest_route=%2Fwp%2Fv2%2Fcomments&post=96"}],"version-history":[{"count":20,"href":"https:\/\/www.estelle-halm.fr\/index.php?rest_route=\/wp\/v2\/pages\/96\/revisions"}],"predecessor-version":[{"id":645,"href":"https:\/\/www.estelle-halm.fr\/index.php?rest_route=\/wp\/v2\/pages\/96\/revisions\/645"}],"wp:attachment":[{"href":"https:\/\/www.estelle-halm.fr\/index.php?rest_route=%2Fwp%2Fv2%2Fmedia&parent=96"}],"curies":[{"name":"wp","href":"https:\/\/api.w.org\/{rel}","templated":true}]}}