{"id":5,"date":"2014-06-20T16:46:10","date_gmt":"2014-06-20T15:46:10","guid":{"rendered":"http:\/\/www.estelle-halm.fr\/\/?page_id=5"},"modified":"2016-07-29T10:58:55","modified_gmt":"2016-07-29T09:58:55","slug":"constellations-familiales","status":"publish","type":"page","link":"https:\/\/www.estelle-halm.fr\/?page_id=5","title":{"rendered":"Constellations"},"content":{"rendered":"<p style=\"text-align: center;\"><span style=\"font-size: 18pt; color: #808080; font-family: verdana, geneva;\"><strong>Constellations Familiales<\/strong><\/span><\/p>\n<p style=\"text-align: center;\"><span style=\"font-family: verdana, geneva; color: #808080;\"><a href=\"https:\/\/www.estelle-halm.fr\/\/wp-content\/uploads\/2014\/06\/sdfg.jpg\"><span style=\"color: #808080;\"><br \/>\n<img loading=\"lazy\" decoding=\"async\" class=\"aligncenter wp-image-13 size-medium\" src=\"https:\/\/www.estelle-halm.fr\/\/wp-content\/uploads\/2014\/06\/sdfg-300x227.jpg\" alt=\"\" width=\"300\" height=\"227\" srcset=\"https:\/\/www.estelle-halm.fr\/wp-content\/uploads\/2014\/06\/sdfg-300x227.jpg 300w, https:\/\/www.estelle-halm.fr\/wp-content\/uploads\/2014\/06\/sdfg.jpg 650w\" sizes=\"auto, (max-width: 300px) 100vw, 300px\" \/><\/span><\/a><\/span><\/p>\n<p><span style=\"font-family: verdana, geneva; color: #808080;\">\u00a0<\/span><\/p>\n<p><span style=\"font-family: verdana, geneva; color: #808080;\">\u00a0<\/span><\/p>\n<p style=\"text-align: justify;\"><span style=\"font-family: verdana, geneva; font-size: 12pt; color: #808080;\">En kin\u00e9siologie, nous sommes quelques fois confront\u00e9s \u00e0 des programmes de sabotage tr\u00e8s profonds qui peuvent miner toute bonne volont\u00e9 de progresser dans la vie.<\/span><\/p>\n<p style=\"text-align: justify;\"><span style=\"font-family: verdana, geneva; font-size: 12pt; color: #808080;\">Nos difficult\u00e9s, \u00e9motions, croyances ou comportements ne s\u2019expliquent pas toujours par les \u00e9v\u00e8nements de notre vie personnelle actuelle. Les causes de nos \u00e9checs (professionnels, sociaux, relationnels, mises en danger au travers de maladies ou d\u2019accidents r\u00e9p\u00e9t\u00e9s etc\u2026) peuvent avoir comme origine nos familles actuelles ou d\u2019origine.<\/span><\/p>\n<p style=\"text-align: justify;\"><span style=\"font-family: verdana, geneva; font-size: 12pt; color: #808080;\"><strong> Les constellations sont une invitation \u00e0 d\u00e9nouer les blocages inconscients qui nous emp\u00eachent d\u2019\u00eatre en paix avec nous-m\u00eames et de vivre pleinement notre vie.<\/strong><\/span><\/p>\n<p><span style=\"font-family: verdana, geneva; font-size: 12pt; color: #808080;\"><a href=\"https:\/\/www.estelle-halm.fr\/\/wp-content\/uploads\/2014\/06\/azer.jpg\"><span style=\"color: #808080;\"><img loading=\"lazy\" decoding=\"async\" class=\"aligncenter size-full wp-image-12\" src=\"https:\/\/www.estelle-halm.fr\/\/wp-content\/uploads\/2014\/06\/azer.jpg\" alt=\"\" width=\"150\" height=\"109\" \/><\/span><\/a><\/span><\/p>\n<p style=\"text-align: justify;\"><span style=\"font-family: verdana, geneva; font-size: 12pt; color: #808080;\">La vie nous vient \u00e0 travers nos parents et notre histoire personnelle est empreinte de ce qu\u2019a v\u00e9cu notre famille. En prenant conscience de ce que nos anc\u00eatres ont v\u00e9cu, nous pouvons jeter un regard nouveau sur ce que nous vivons et retrouver en nos racines familiales une pr\u00e9cieuse source d\u2019\u00e9nergie.<\/span><\/p>\n<p style=\"text-align: justify;\"><span style=\"font-family: verdana, geneva; font-size: 12pt; color: #808080;\">Nous endossons inconsciemment, par solidarit\u00e9 ou loyaut\u00e9 avec un ou des membres de la famille actuelle ou d\u2019origine (parents, grands-parents, fr\u00e8res et s\u0153urs etc\u2026) le probl\u00e8me &#8211; le \u00ab\u00a0fardeau\u00a0\u00bb &#8211; d\u2019un ou de nos anc\u00eatres.<\/span><\/p>\n<p style=\"text-align: justify;\"><span style=\"font-family: verdana, geneva; font-size: 12pt; color: #808080;\">Nous le faisons en pensant ainsi, de fa\u00e7on inconsciente, r\u00e9tablir ou r\u00e9parer les liens invisibles avec notre famille d\u2019origine (nos anc\u00eatres) ainsi que les non-dits ou autre secret de famille.<\/span><\/p>\n<p style=\"text-align: justify;\"><span style=\"font-family: verdana, geneva; font-size: 12pt; color: #808080;\">Cette mise en place permet de clarifier une situation de mal-\u00eatre et d\u2019en trouver l\u2019origine pour apporter un soulagement. Chaque personne trouvera une place dans le syst\u00e8me, place o\u00f9 elle se sentira bien.<\/span><\/p>\n<p style=\"text-align: justify;\"><span style=\"font-family: verdana, geneva; font-size: 12pt; color: #808080;\">Comment se d\u00e9roule une\u00a0 Constellation\u00a0?<\/span><\/p>\n<p style=\"text-align: justify;\"><span style=\"font-family: verdana, geneva; font-size: 12pt; color: #808080;\">Dans la pratique, nous mettons en sc\u00e8ne l\u2019image de notre syst\u00e8me familial en choisissant dans le groupe de travail des repr\u00e9sentants pour les vrais membres de notre famille.<\/span><\/p>\n<p style=\"text-align: justify;\"><span style=\"font-family: verdana, geneva; font-size: 12pt; color: #808080;\">L\u00e0 o\u00f9 il y a eu perturbation, le repr\u00e9sentant va manifester des ressentis, des sentiments, des \u00e9motions et des attitudes qui vont faire appara\u00eetre les liens cach\u00e9s, les secrets, les r\u00e8gles et leurs manquements qui r\u00e9gissent notre syst\u00e8me familial particulier, et qui peuvent g\u00e9n\u00e9rer soit bonheur ou sant\u00e9, soit malheur ou maladie.<\/span><\/p>\n<p style=\"text-align: justify;\"><span style=\"font-family: verdana, geneva; font-size: 12pt; color: #808080;\">Voir ces constellations familiales se mettre progressivement en place jusqu\u2019\u00e0 trouver l\u2019origine de la perturbation, c\u2019est comme faire la lumi\u00e8re sur ce moment de vie jusque l\u00e0 rest\u00e9 dans l\u2019ombre et qui pourtant fait partie de notre vie, puisqu\u2019il appartient vraisemblablement \u00e0 nos anc\u00eatres.<\/span><\/p>\n<p style=\"text-align: justify;\"><span style=\"font-family: verdana, geneva; font-size: 12pt; color: #808080;\">Une fois la lumi\u00e8re faite, le travail de constellations consiste aussi \u00e0 r\u00e9tablir, un par un, tous les liens d\u00e9sagr\u00e9g\u00e9s, \u00e0 r\u00e9soudre les tensions, \u00e0 redonner leur place aux exclus, \u00e0 \u00ab\u00a0nettoyer\u00a0\u00bb.<\/span><\/p>\n<p style=\"text-align: justify;\"><span style=\"font-family: verdana, geneva; font-size: 12pt; color: #808080;\">L\u2019image finale est celle qui est renvoy\u00e9e dans la m\u00e9moire familiale inconsciente\u00a0: l\u2019histoire n\u2019a pas chang\u00e9, mais c\u2019est une m\u00e9moire nouvelle qui y est d\u00e9sormais associ\u00e9e, apportant au \u00ab\u00a0constell\u00e9\u00a0\u00bb (personne qui vient faire son travail), clart\u00e9, paix et s\u00e9r\u00e9nit\u00e9.<\/span><\/p>\n<p style=\"text-align: justify;\"><span style=\"font-family: verdana, geneva; font-size: 12pt; color: #808080;\">C\u2019est la m\u00e9moire de sa famille qui a \u00e9t\u00e9 nettoy\u00e9e, et tout naturellement, les membres de sa famille vont aussi en recevoir les effets positifs.<\/span><\/p>\n<p style=\"text-align: justify;\"><span style=\"font-family: verdana, geneva; font-size: 12pt; color: #808080;\">Une fois l\u2019ordre r\u00e9tabli, il reste \u00ab\u00a0imprim\u00e9\u00a0\u00bb dans la m\u00e9moire familiale qui lib\u00e8re enfin les descendants.<\/span><\/p>\n<p style=\"text-align: justify;\"><span style=\"font-family: verdana, geneva; font-size: 12pt; color: #808080;\">C\u2019est un travail profond et qui donne de la force. Les effets peuvent \u00eatre imm\u00e9diats, ou bien prendre du temps pour se d\u00e9velopper pleinement. Les solutions tr\u00e8s lib\u00e9ratrices peuvent aider les personnes concern\u00e9es \u00e0 vivre plus harmonieusement et \u00e0 progresser dans leur vie.<\/span><\/p>\n<p><span style=\"font-family: verdana, geneva;\">\u00a0<\/span><\/p>\n<p><span style=\"font-family: verdana, geneva; font-size: 12pt; color: #ff0000;\"><strong>Conditions d\u2019inscription\u00a0: <\/strong><\/span><\/p>\n<p><span style=\"font-family: verdana, geneva; font-size: 12pt; color: #ff0000;\"><strong><a href=\"https:\/\/www.estelle-halm.fr\/\/?page_id=137\">Voir calendrier, tarifs et conditions d\u2019inscription<\/a><\/strong><\/span><\/p>\n<p>&nbsp;<\/p>\n","protected":false},"excerpt":{"rendered":"<p>Constellations Familiales \u00a0 \u00a0 En kin\u00e9siologie, nous sommes quelques fois confront\u00e9s \u00e0 des programmes de sabotage tr\u00e8s profonds qui peuvent miner toute bonne volont\u00e9 de&hellip;<\/p>\n","protected":false},"author":1,"featured_media":0,"parent":0,"menu_order":1,"comment_status":"closed","ping_status":"closed","template":"","meta":{"footnotes":""},"class_list":["post-5","page","type-page","status-publish","hentry"],"_links":{"self":[{"href":"https:\/\/www.estelle-halm.fr\/index.php?rest_route=\/wp\/v2\/pages\/5","targetHints":{"allow":["GET"]}}],"collection":[{"href":"https:\/\/www.estelle-halm.fr\/index.php?rest_route=\/wp\/v2\/pages"}],"about":[{"href":"https:\/\/www.estelle-halm.fr\/index.php?rest_route=\/wp\/v2\/types\/page"}],"author":[{"embeddable":true,"href":"https:\/\/www.estelle-halm.fr\/index.php?rest_route=\/wp\/v2\/users\/1"}],"replies":[{"embeddable":true,"href":"https:\/\/www.estelle-halm.fr\/index.php?rest_route=%2Fwp%2Fv2%2Fcomments&post=5"}],"version-history":[{"count":16,"href":"https:\/\/www.estelle-halm.fr\/index.php?rest_route=\/wp\/v2\/pages\/5\/revisions"}],"predecessor-version":[{"id":328,"href":"https:\/\/www.estelle-halm.fr\/index.php?rest_route=\/wp\/v2\/pages\/5\/revisions\/328"}],"wp:attachment":[{"href":"https:\/\/www.estelle-halm.fr\/index.php?rest_route=%2Fwp%2Fv2%2Fmedia&parent=5"}],"curies":[{"name":"wp","href":"https:\/\/api.w.org\/{rel}","templated":true}]}}