{"id":424,"date":"2017-03-10T15:32:30","date_gmt":"2017-03-10T14:32:30","guid":{"rendered":"http:\/\/www.estelle-halm.fr\/?page_id=424"},"modified":"2024-09-26T08:24:48","modified_gmt":"2024-09-26T07:24:48","slug":"calendrier-formations","status":"publish","type":"page","link":"https:\/\/www.estelle-halm.fr\/?page_id=424","title":{"rendered":"Calendrier formations"},"content":{"rendered":"<p><strong><span style=\"font-family: verdana, geneva; font-size: 12pt; color: #808080;\">La formation de constellations familiales\u00a0:<\/span><\/strong><\/p>\n\n<table id=\"tablepress-6\" class=\"tablepress tablepress-id-6 tbody-has-connected-cells\">\n<tbody class=\"row-striping row-hover\">\n<tr class=\"row-1\">\n\t<td rowspan=\"2\" class=\"column-1\"><strong>octobre 2024<\/strong><br \/>\n<\/td><td class=\"column-2\"><\/td>\n<\/tr>\n<tr class=\"row-2\">\n\t<td class=\"column-2\"><\/td>\n<\/tr>\n<tr class=\"row-3\">\n\t<td rowspan=\"2\" class=\"column-1\"><strong>novembre 2024<\/strong><br \/>\n<\/td><td class=\"column-2\"><\/td>\n<\/tr>\n<tr class=\"row-4\">\n\t<td class=\"column-2\"><\/td>\n<\/tr>\n<tr class=\"row-5\">\n\t<td rowspan=\"2\" class=\"column-1\"><strong>d\u00e9cembre 2024<\/strong><br \/>\n<\/td><td class=\"column-2\"><\/td>\n<\/tr>\n<tr class=\"row-6\">\n\t<td class=\"column-2\"><\/td>\n<\/tr>\n<tr class=\"row-7\">\n\t<td class=\"column-1\">Les dates sont susceptibles de changement<\/td><td class=\"column-2\"><\/td>\n<\/tr>\n<\/tbody>\n<\/table>\n<!-- #tablepress-6 from cache -->\n<p><span style=\"font-family: verdana, geneva; font-size: 12pt; color: #808080;\">A qui s\u2019adresse la formation\u00a0? <\/span><\/p>\n<p><span style=\"font-family: verdana, geneva; font-size: 12pt; color: #808080;\">Principalement aux personnes \u00e9tant d\u00e9j\u00e0 dans la relation d\u2019aide, ayant d\u00e9j\u00e0 un parcours th\u00e9rapeutique et d\u00e9sirant apporter un plus \u00e0 leur pratique en devenant constellateur\/constellatrice mais elle peut aussi \u00eatre suivie par toute personne int\u00e9ress\u00e9e par le travail des constellations familiales.<\/span><\/p>\n<p><span style=\"font-family: verdana, geneva; font-size: 12pt; color: #808080;\">Pr\u00e9-requis\u00a0:<\/span><\/p>\n<p><span style=\"font-family: verdana, geneva; font-size: 12pt; color: #808080;\">Pour suivre cette formation, il est n\u00e9cessaire d\u2019avoir d\u00e9j\u00e0 \u00e9t\u00e9 constell\u00e9 au moins une fois et d\u2019avoir suivi (ou d\u2019\u00eatre entrain de suivre) une formation dans le domaine th\u00e9rapeutique (Relation d\u2019aide, psychoth\u00e9rapeute, kin\u00e9siologie, psychog\u00e9n\u00e9alogie ou autre\u2026.) et de ma\u00eetriser au moins l\u2019une de ces formations.<\/span><\/p>\n<p><span style=\"font-family: verdana, geneva; font-size: 12pt; color: #808080;\">Pour les personnes n&rsquo;ayant pas encore suivi d&rsquo;autres formations dans le domaine de la relation d&rsquo;aide, elles peuvent suivre la formation en psychog\u00e9n\u00e9alogie parall\u00e8lement \u00e0 celle de constellations familiales ou la suivre ult\u00e9rieurement.<\/span><\/p>\n<p><span style=\"font-family: verdana, geneva; font-size: 12pt; color: #808080;\">Merci de me contacter par t\u00e9l\u00e9phone \u00e0 ce sujet.<\/span><\/p>\n<p><span style=\"font-family: verdana, geneva; font-size: 12pt; color: #808080;\">Il est n\u00e9cessaire d\u2019assister le plus possible aux constellations, celles de la formatrice mais \u00e9galement celles d\u2019autres constellateurs\/constellatrices.<\/span><\/p>\n<p><span style=\"font-family: verdana, geneva; font-size: 12pt; color: #808080;\">Il vous sera \u00e9galement demand\u00e9 de r\u00e9diger un m\u00e9moire\u00a0\u00e0 rendre un mois avant la fin de la formation et de faire un compte-rendu de ce que vous aurez pu observer aupr\u00e8s de trois autres constellateurs\/constellatrices.<\/span><\/p>\n<p><strong><span style=\"font-family: verdana, geneva; font-size: 12pt; color: #808080;\">La formation\u00a0:<\/span><\/strong><\/p>\n<p><span style=\"font-family: verdana, geneva; font-size: 12pt; color: #808080;\">Elle sera constitu\u00e9e de deux ann\u00e9es de formation\u00a0:<\/span><\/p>\n<p><span style=\"font-family: verdana, geneva; font-size: 12pt; color: #808080;\">Premi\u00e8re ann\u00e9e\u00a0: observation et acquisition de connaissances th\u00e9oriques<\/span><\/p>\n<p><span style=\"font-family: verdana, geneva; font-size: 12pt; color: #808080;\">Deuxi\u00e8me ann\u00e9e\u00a0: pratique et supervision<\/span><\/p>\n<p><span style=\"font-family: verdana, geneva; font-size: 12pt; color: #808080;\">\u00a0<\/span><\/p>\n<p><span style=\"font-family: verdana, geneva; font-size: 12pt; color: #808080;\">\u00a0<strong>Premi\u00e8re ann\u00e9e\u00a0:<\/strong><\/span><\/p>\n<p><span style=\"font-family: verdana, geneva; font-size: 12pt; color: #808080;\">Neuf modules constitu\u00e9s\u00a0:<\/span><\/p>\n<p><span style=\"font-family: verdana, geneva; font-size: 12pt; color: #808080;\">D\u2019une journ\u00e9e de constellations durant laquelle vous pourrez observer les diff\u00e9rentes situations et dynamiques pos\u00e9es suite \u00e0 la demande du client qui souhaitent faire une constellation.<\/span><\/p>\n<p><span style=\"font-family: verdana, geneva; font-size: 12pt; color: #808080;\">Le lendemain sera consacr\u00e9 \u00e0 l&rsquo;observation et \u00e0 la compr\u00e9hension de ce qui \u00e9t\u00e9 travaill\u00e9 lors des constellations du jour pr\u00e9c\u00e9dent. Ensuite, nous passerons \u00e0 la th\u00e9orie et aux diff\u00e9rentes lois qui r\u00e9gissent le syst\u00e8me familial ainsi que les diff\u00e9rentes fa\u00e7ons de travailler en constellation familiale.<\/span><\/p>\n<p><span style=\"font-family: verdana, geneva; font-size: 12pt; color: #808080;\">Les diff\u00e9rents th\u00e8mes abord\u00e9s au cours de la deuxi\u00e8me journ\u00e9e de chacun des 9 modules de premi\u00e8re ann\u00e9e, seront les suivants\u00a0:<\/span><\/p>\n<p><span style=\"font-family: verdana, geneva; font-size: 12pt; color: #808080;\">Qu\u2019est-ce que la constellation\u00a0?<\/span><\/p>\n<p><span style=\"font-family: verdana, geneva; font-size: 12pt; color: #808080;\">L\u2019objectif de la constellation<\/span><\/p>\n<p><span style=\"font-family: verdana, geneva; font-size: 12pt; color: #808080;\">Les motifs de la demande en constellation<\/span><\/p>\n<p><span style=\"font-family: verdana, geneva; font-size: 12pt; color: #808080;\">Le questionnaire<\/span><\/p>\n<p><span style=\"font-family: verdana, geneva; font-size: 12pt; color: #808080;\">Le g\u00e9nogramme<\/span><\/p>\n<p><span style=\"font-family: verdana, geneva; font-size: 12pt; color: #808080;\">Respect de certains principes autour de la constellation<\/span><\/p>\n<p><span style=\"font-family: verdana, geneva; font-size: 12pt; color: #808080;\">L\u2019interview<\/span><\/p>\n<p><span style=\"font-family: verdana, geneva; font-size: 12pt; color: #808080;\">Les 4 accords tolt\u00e8ques<\/span><\/p>\n<p><span style=\"font-family: verdana, geneva; font-size: 12pt; color: #808080;\">Les diff\u00e9rentes dynamiques et la culpabilit\u00e9<\/span><\/p>\n<p><span style=\"font-family: verdana, geneva; font-size: 12pt; color: #808080;\">Les \u00e9motions primaires et secondaires<\/span><\/p>\n<p><span style=\"font-family: verdana, geneva; font-size: 12pt; color: #808080;\">Les ordres de la constellation<\/span><\/p>\n<p><span style=\"font-family: verdana, geneva; font-size: 12pt; color: #808080;\">La fratrie\u00a0: hi\u00e9rarchie<\/span><\/p>\n<p><span style=\"font-family: verdana, geneva; font-size: 12pt; color: #808080;\">Les enfants et les enfants morts<\/span><\/p>\n<p><span style=\"font-family: verdana, geneva; font-size: 12pt; color: #808080;\">Les femmes mortes en couche<\/span><\/p>\n<p><span style=\"font-family: verdana, geneva; font-size: 12pt; color: #808080;\">L\u2019Oedipe<\/span><\/p>\n<p><span style=\"font-family: verdana, geneva; font-size: 12pt; color: #808080;\">La relation parents\/enfants<\/span><\/p>\n<p><span style=\"font-family: verdana, geneva; font-size: 12pt; color: #808080;\">L\u2019enfant parentalis\u00e9<\/span><\/p>\n<p><span style=\"font-family: verdana, geneva; font-size: 12pt; color: #808080;\">Les incestes et viols<\/span><\/p>\n<p><span style=\"font-family: verdana, geneva; font-size: 12pt; color: #808080;\">Le r\u00f4le des parents<\/span><\/p>\n<p><span style=\"font-family: verdana, geneva; font-size: 12pt; color: #808080;\">La triangulation<\/span><\/p>\n<p><span style=\"font-family: verdana, geneva; font-size: 12pt; color: #808080;\">Les meurtres et les suicides<\/span><\/p>\n<p><span style=\"font-family: verdana, geneva; font-size: 12pt; color: #808080;\">L\u2019alcoolisme<\/span><\/p>\n<p><span style=\"font-family: verdana, geneva; font-size: 12pt; color: #808080;\">La boulimie \/ l\u2019anorexie<\/span><\/p>\n<p><span style=\"font-family: verdana, geneva; font-size: 12pt; color: #808080;\">Le refus d\u2019incarnation<\/span><\/p>\n<p><span style=\"font-family: verdana, geneva; font-size: 12pt; color: #808080;\">Le couple<\/span><\/p>\n<p><span style=\"font-family: verdana, geneva; font-size: 12pt; color: #808080;\">Les avortements<\/span><\/p>\n<p><span style=\"font-family: verdana, geneva; font-size: 12pt; color: #808080;\">La guerre<\/span><\/p>\n<p><span style=\"font-family: verdana, geneva; font-size: 12pt; color: #808080;\">La loyaut\u00e9<\/span><\/p>\n<p><span style=\"font-family: verdana, geneva; font-size: 12pt; color: #808080;\">Les phases du deuil<\/span><\/p>\n<p><span style=\"font-family: verdana, geneva; font-size: 12pt; color: #808080;\">Le transfert et le contre-transfert<\/span><\/p>\n<p><span style=\"font-family: verdana, geneva; font-size: 12pt; color: #808080;\">Positions et placements<\/span><\/p>\n<p><span style=\"font-family: verdana, geneva; font-size: 12pt; color: #808080;\">Les maladies<\/span><\/p>\n<p><span style=\"font-family: verdana, geneva; font-size: 12pt; color: #808080;\">Consteller<\/span><\/p>\n<p><span style=\"font-family: verdana, geneva; font-size: 12pt; color: #808080;\">&#8212;<\/span><\/p>\n<p><strong><span style=\"font-family: verdana, geneva; font-size: 12pt; color: #808080;\">Deuxi\u00e8me ann\u00e9e\u00a0:<\/span><\/strong><\/p>\n<p><span style=\"font-family: verdana, geneva; font-size: 12pt; color: #808080;\">6 modules de pratique et de supervision<\/span><\/p>\n<p><span style=\"font-family: verdana, geneva; color: #808080;\"><strong>TARIFS<\/strong><\/span><\/p>\n<p>A partir de janvier 2025<\/p>\n<p><span style=\"font-family: verdana, geneva; color: #808080;\">Chaque module se d\u00e9roulera sur deux jours.<\/span><\/p>\n<p><span style=\"font-family: verdana, geneva; color: #808080;\">Le module : <span style=\"color: #ff0000;\"><strong>260 euros<\/strong><\/span><\/span><\/p>\n<p><span style=\"font-family: verdana, geneva; color: #808080;\">D\u00e9jeuners \u00e0 la charge des participants<\/span><\/p>\n<p><span style=\"font-family: verdana, geneva; color: #808080;\">s&rsquo;inscrire aupr\u00e8s de Estelle Halm au 06.22.11.36.62 ou par mail <a style=\"color: #808080;\" href=\"mailto:contact@estelle-halm.fr\">contact@estelle-halm.fr<\/a><\/span><\/p>\n<p>T\u00e9l\u00e9charger le fichier et le renvoyer \u00e0 :<\/p>\n<p>Estelle Halm<\/p>\n<p>10 rue de Lucelle<\/p>\n<p>68100 Mulhouse<\/p>\n<p><span style=\"color: #ff0000;\"><strong>Formulaire d\u2019inscription \u00e0 la formation de constellations familiales\u00a0 2024-2025<\/strong><\/span><\/p>\n<p><span style=\"color: #ff0000;\"><strong><a href=\"https:\/\/www.estelle-halm.fr\/wp-content\/uploads\/2017\/03\/InscriptionC.pdf\"><img loading=\"lazy\" decoding=\"async\" class=\"alignnone size-medium wp-image-200\" src=\"https:\/\/www.estelle-halm.fr\/wp-content\/uploads\/2014\/06\/logopdf-300x86.png\" alt=\"logopdf\" width=\"300\" height=\"86\" srcset=\"https:\/\/www.estelle-halm.fr\/wp-content\/uploads\/2014\/06\/logopdf-300x86.png 300w, https:\/\/www.estelle-halm.fr\/wp-content\/uploads\/2014\/06\/logopdf.png 354w\" sizes=\"auto, (max-width: 300px) 100vw, 300px\" \/><\/a> <\/strong><\/span><\/p>\n","protected":false},"excerpt":{"rendered":"<p>La formation de constellations familiales\u00a0: A qui s\u2019adresse la formation\u00a0? Principalement aux personnes \u00e9tant d\u00e9j\u00e0 dans la relation d\u2019aide, ayant d\u00e9j\u00e0 un parcours th\u00e9rapeutique et&hellip;<\/p>\n","protected":false},"author":1,"featured_media":0,"parent":5,"menu_order":1,"comment_status":"closed","ping_status":"closed","template":"","meta":{"footnotes":""},"class_list":["post-424","page","type-page","status-publish","hentry"],"_links":{"self":[{"href":"https:\/\/www.estelle-halm.fr\/index.php?rest_route=\/wp\/v2\/pages\/424","targetHints":{"allow":["GET"]}}],"collection":[{"href":"https:\/\/www.estelle-halm.fr\/index.php?rest_route=\/wp\/v2\/pages"}],"about":[{"href":"https:\/\/www.estelle-halm.fr\/index.php?rest_route=\/wp\/v2\/types\/page"}],"author":[{"embeddable":true,"href":"https:\/\/www.estelle-halm.fr\/index.php?rest_route=\/wp\/v2\/users\/1"}],"replies":[{"embeddable":true,"href":"https:\/\/www.estelle-halm.fr\/index.php?rest_route=%2Fwp%2Fv2%2Fcomments&post=424"}],"version-history":[{"count":15,"href":"https:\/\/www.estelle-halm.fr\/index.php?rest_route=\/wp\/v2\/pages\/424\/revisions"}],"predecessor-version":[{"id":746,"href":"https:\/\/www.estelle-halm.fr\/index.php?rest_route=\/wp\/v2\/pages\/424\/revisions\/746"}],"up":[{"embeddable":true,"href":"https:\/\/www.estelle-halm.fr\/index.php?rest_route=\/wp\/v2\/pages\/5"}],"wp:attachment":[{"href":"https:\/\/www.estelle-halm.fr\/index.php?rest_route=%2Fwp%2Fv2%2Fmedia&parent=424"}],"curies":[{"name":"wp","href":"https:\/\/api.w.org\/{rel}","templated":true}]}}