{"id":38,"date":"2014-06-20T23:11:05","date_gmt":"2014-06-20T22:11:05","guid":{"rendered":"http:\/\/www.estelle-halm.fr\/\/?page_id=38"},"modified":"2024-09-03T09:55:42","modified_gmt":"2024-09-03T08:55:42","slug":"nous-contacter","status":"publish","type":"page","link":"https:\/\/www.estelle-halm.fr\/?page_id=38","title":{"rendered":"Me contacter"},"content":{"rendered":"<p align=\"center\"><span style=\"color: #808080; font-family: verdana, geneva; font-size: 18pt;\">Demande de renseignements<\/span><\/p>\n<p><span style=\"font-family: verdana, geneva; font-size: 12pt; color: #808080;\">Indiquez-nous ce que vous pensez de notre site Web, de nos activit\u00e9s. Si vous nous communiquez vos coordonn\u00e9es, nous serons en mesure de vous contacter<\/span><\/p>\n<p style=\"text-align: center;\">\u00a0\u00a0\n<div class=\"wpcf7 no-js\" id=\"wpcf7-f283-o1\" lang=\"fr-FR\" dir=\"ltr\" data-wpcf7-id=\"283\">\n<div class=\"screen-reader-response\"><p role=\"status\" aria-live=\"polite\" aria-atomic=\"true\"><\/p> <ul><\/ul><\/div>\n<form action=\"\/index.php?rest_route=%2Fwp%2Fv2%2Fpages%2F38#wpcf7-f283-o1\" method=\"post\" class=\"wpcf7-form init\" aria-label=\"Formulaire de contact\" novalidate=\"novalidate\" data-status=\"init\">\n<fieldset class=\"hidden-fields-container\"><input type=\"hidden\" name=\"_wpcf7\" value=\"283\" \/><input type=\"hidden\" name=\"_wpcf7_version\" value=\"6.1.5\" \/><input type=\"hidden\" name=\"_wpcf7_locale\" value=\"fr_FR\" \/><input type=\"hidden\" name=\"_wpcf7_unit_tag\" value=\"wpcf7-f283-o1\" \/><input type=\"hidden\" name=\"_wpcf7_container_post\" value=\"0\" \/><input type=\"hidden\" name=\"_wpcf7_posted_data_hash\" value=\"\" \/>\n<\/fieldset>\n<p>Votre nom (obligatoire)\n<\/p>\n<p><span class=\"wpcf7-form-control-wrap\" data-name=\"your-name\"><input size=\"40\" maxlength=\"400\" class=\"wpcf7-form-control wpcf7-text wpcf7-validates-as-required\" aria-required=\"true\" aria-invalid=\"false\" value=\"\" type=\"text\" name=\"your-name\" \/><\/span>\n<\/p>\n<p>Votre email (obligatoire)\n<\/p>\n<p><span class=\"wpcf7-form-control-wrap\" data-name=\"your-email\"><input size=\"40\" maxlength=\"400\" class=\"wpcf7-form-control wpcf7-email wpcf7-validates-as-required wpcf7-text wpcf7-validates-as-email\" aria-required=\"true\" aria-invalid=\"false\" value=\"\" type=\"email\" name=\"your-email\" \/><\/span>\n<\/p>\n<p>Sujet\n<\/p>\n<p><span class=\"wpcf7-form-control-wrap\" data-name=\"your-subject\"><input size=\"40\" maxlength=\"400\" class=\"wpcf7-form-control wpcf7-text\" aria-invalid=\"false\" value=\"\" type=\"text\" name=\"your-subject\" \/><\/span>\n<\/p>\n<p>Votre message\n<\/p>\n<p><span class=\"wpcf7-form-control-wrap\" data-name=\"your-message\"><textarea cols=\"40\" rows=\"10\" maxlength=\"2000\" class=\"wpcf7-form-control wpcf7-textarea\" aria-invalid=\"false\" name=\"your-message\"><\/textarea><\/span>\n<\/p>\n<p><input class=\"wpcf7-form-control wpcf7-submit has-spinner\" type=\"submit\" value=\"Envoyer\" \/>\n<\/p><div class=\"wpcf7-response-output\" aria-hidden=\"true\"><\/div>\n<\/form>\n<\/div>\n<\/p>\n<p>\u00a0 \u00a0 \u00a0<span style=\"font-family: verdana, geneva;\"><span style=\"color: #808080;\"> Mes coordonn\u00e9es : Estelle Halm Cabinet de Psychosomatique <strong>68<\/strong><\/span><strong><span style=\"color: #808080;\">560 Hirsingue<\/span><\/strong><\/span><\/p>\n<p><span style=\"font-family: verdana, geneva;\"><strong><span style=\"color: #808080;\">T\u00e9l: 06.22.11.36.62 E-mail:<\/span>\u00a0<a href=\"mailto:therapeute@estelle-halm.fr\">therapeute@estelle-halm.fr<\/a><\/strong>\u00a0<span style=\"color: #808080;\">N<strong>\u00b0 <\/strong>Siret : 480771 674 00045 Inscrite \u00e0 la F\u00e9d\u00e9ration Fran\u00e7aise des Kin\u00e9siologies Sp\u00e9cialis\u00e9es<\/span><\/span><\/p>\n\n","protected":false},"excerpt":{"rendered":"<p>Demande de renseignements Indiquez-nous ce que vous pensez de notre site Web, de nos activit\u00e9s. Si vous nous communiquez vos coordonn\u00e9es, nous serons en mesure&hellip;<\/p>\n","protected":false},"author":1,"featured_media":0,"parent":0,"menu_order":12,"comment_status":"closed","ping_status":"closed","template":"","meta":{"footnotes":""},"class_list":["post-38","page","type-page","status-publish","hentry"],"_links":{"self":[{"href":"https:\/\/www.estelle-halm.fr\/index.php?rest_route=\/wp\/v2\/pages\/38","targetHints":{"allow":["GET"]}}],"collection":[{"href":"https:\/\/www.estelle-halm.fr\/index.php?rest_route=\/wp\/v2\/pages"}],"about":[{"href":"https:\/\/www.estelle-halm.fr\/index.php?rest_route=\/wp\/v2\/types\/page"}],"author":[{"embeddable":true,"href":"https:\/\/www.estelle-halm.fr\/index.php?rest_route=\/wp\/v2\/users\/1"}],"replies":[{"embeddable":true,"href":"https:\/\/www.estelle-halm.fr\/index.php?rest_route=%2Fwp%2Fv2%2Fcomments&post=38"}],"version-history":[{"count":17,"href":"https:\/\/www.estelle-halm.fr\/index.php?rest_route=\/wp\/v2\/pages\/38\/revisions"}],"predecessor-version":[{"id":650,"href":"https:\/\/www.estelle-halm.fr\/index.php?rest_route=\/wp\/v2\/pages\/38\/revisions\/650"}],"wp:attachment":[{"href":"https:\/\/www.estelle-halm.fr\/index.php?rest_route=%2Fwp%2Fv2%2Fmedia&parent=38"}],"curies":[{"name":"wp","href":"https:\/\/api.w.org\/{rel}","templated":true}]}}