{"id":35,"date":"2014-06-20T23:08:23","date_gmt":"2014-06-20T22:08:23","guid":{"rendered":"http:\/\/www.estelle-halm.fr\/\/?page_id=35"},"modified":"2020-04-15T13:59:50","modified_gmt":"2020-04-15T12:59:50","slug":"les-fleurs-de-bach","status":"publish","type":"page","link":"https:\/\/www.estelle-halm.fr\/?page_id=35","title":{"rendered":"Les Fleurs de Bach"},"content":{"rendered":"<p style=\"text-align: center;\">\u00a0<a href=\"https:\/\/www.estelle-halm.fr\/wp-content\/uploads\/2014\/07\/Fleurbach.jpg\"><img loading=\"lazy\" decoding=\"async\" class=\"alignnone size-medium wp-image-279\" src=\"https:\/\/www.estelle-halm.fr\/wp-content\/uploads\/2014\/07\/Fleurbach-300x199.jpg\" alt=\"branche de prunus\" width=\"300\" height=\"199\" srcset=\"https:\/\/www.estelle-halm.fr\/wp-content\/uploads\/2014\/07\/Fleurbach-300x199.jpg 300w, https:\/\/www.estelle-halm.fr\/wp-content\/uploads\/2014\/07\/Fleurbach.jpg 425w\" sizes=\"auto, (max-width: 300px) 100vw, 300px\" \/><\/a><\/p>\n<p style=\"text-align: justify;\"><span style=\"color: #808080; font-family: verdana, geneva; font-size: 12pt;\">Les Fleurs de Bach sont des pr\u00e9parations<em><strong> \u00e0 base de plantes et de fleurs<\/strong><\/em> con\u00e7ues chacune sp\u00e9cifiquement pour cibler un probl\u00e8me.<\/span><\/p>\n<p style=\"text-align: justify;\"><span style=\"color: #808080; font-family: verdana, geneva; font-size: 12pt;\">Entre 1930 et 1936, Edward Bach (m\u00e9decin anglais) a distingu\u00e9 7 cat\u00e9gories principales correspondants aux diff\u00e9rents \u00e9tat de d\u00e9s\u00e9quilibres psychologiques que l&rsquo;on peut ressentir. Il classa 38 essences de fleurs respectivement dans les diff\u00e9rents groupes.<\/span><\/p>\n<p style=\"text-align: justify;\"><span style=\"color: #808080; font-family: verdana, geneva; font-size: 12pt;\">Ces groupes correspondent \u00e0 un \u00e9tat g\u00e9n\u00e9ral et les essences associ\u00e9es permettent d&rsquo;am\u00e9liorer un \u00e9tat ou sentiment pr\u00e9cis.<\/span><\/p>\n<p><span style=\"font-family: verdana, geneva; font-size: 12pt; color: #808080;\">\u00a0<\/span><\/p>\n<p align=\"center\"><span style=\"font-family: verdana, geneva; font-size: 12pt; color: #808080;\"><strong>Phisolophie d&rsquo;Edward Bach:<br \/>\n\u00ab\u00a0Tant que l&rsquo;Ame, le Corps et l&rsquo;Esprit sont en harmonie, rien ne peut nous affecter\u00a0\u00bb<\/strong><\/span><\/p>\n<p><span style=\"color: #808080; font-family: verdana, geneva; font-size: 12pt;\">Les 7 cat\u00e9gories des Fleurs de Bach:<\/span><\/p>\n<p><span style=\"color: #808080; font-family: verdana, geneva; font-size: 12pt;\">=&gt;La peur<br \/>\n=&gt;L&rsquo;incertitude<br \/>\n=&gt;le manque d&rsquo;int\u00e9r\u00eat pour le pr\u00e9sent<br \/>\n=&gt;la solitude<br \/>\n=&gt;l&rsquo;hypersensibilit\u00e9 aux influences et aux id\u00e9es<br \/>\n=&gt;le d\u00e9couragement et le d\u00e9sespoir<br \/>\n=&gt;le souci excessif du bien \u00eatre d&rsquo;autrui<br \/>\n<\/span><\/p>\n<p style=\"text-align: justify;\"><span style=\"color: #808080; font-family: verdana, geneva; font-size: 12pt;\">Les fleurs de Bach correspondent \u00e0 un \u00e9tat \u00e9motionnel, Edward Bach voulait permettre \u00e0 chacun de r\u00e9v\u00e8ler le meilleur de lui-m\u00eame par rapport \u00e0 une \u00e9motion v\u00e9cue.<\/span><\/p>\n<p style=\"text-align: justify;\"><span style=\"color: #808080; font-family: verdana, geneva; font-size: 12pt;\"><strong> M\u00e9thode et pr\u00e9paration<\/strong><\/span><\/p>\n<p style=\"text-align: justify;\"><span style=\"color: #808080; font-family: verdana, geneva; font-size: 12pt;\">Il en existe deux, d\u00e9pendant du rem\u00e8de que l&rsquo;on veut pr\u00e9parer: la solarisation, et l&rsquo; \u00e9bullition, certaines plantes se pr\u00eatant plus facilement \u00e0 l&rsquo;une qu&rsquo;\u00e0 l&rsquo;autre. Dans tous les cas il faut choisir une belle journ\u00e9e, au moment de la p\u00e9riode de floraison de la plante dont on veut obtenir une teinture; se laver soigneusement , mettre des v\u00eatements propres, et s&rsquo;efforcer d&rsquo;entretenir les pens\u00e9es les plus pures possibles. On cueille les fleurs lorsqu&rsquo;elles sont ouvertes, en s\u00e9lectionnant les plus belles. Mieux vaut pr\u00e9lever des fleurs sur plusieurs plantes diff\u00e9rentes, poussant au m\u00eame endroit, si cela est r\u00e9alisable. L&rsquo;endroit choisi sera paisible, \u00e0 l&rsquo;\u00e9cart de toute pollution, et les plantes doivent l&rsquo;avoir colonis\u00e9 naturellement; ce qui peut appara\u00eetre \u00e0 notre \u00e9poque comme une v\u00e9ritable gageure, l&rsquo;agriculture intensive pratiqu\u00e9e \u00e0 grand renfort de produits chimiques ayant d\u00e9truit une grande partie de l&rsquo;habitat des plantes sauvages. On pourra prospecter dans les zones prot\u00e9g\u00e9es de captage de certaines eaux min\u00e9rales, sur des terres vou\u00e9es \u00e0 l&rsquo;agriculture biologique, ou sur ce qu&rsquo;il peut rester ailleurs de terres pr\u00e9serv\u00e9es des souillures humaines.<\/span><\/p>\n<p style=\"text-align: center;\"><span style=\"font-weight: 600; color: #444444;\">\n<table id=\"tablepress-1\" class=\"tablepress tablepress-id-1\">\n<thead>\n<tr class=\"row-1\">\n\t<th class=\"column-1\">Emotions<\/th><th class=\"column-2\">Nom des Fleurs (en anglais)<\/th><th class=\"column-3\">Nom des Fleurs (en fran\u00e7ais)<\/th>\n<\/tr>\n<\/thead>\n<tbody class=\"row-striping\">\n<tr class=\"row-2\">\n\t<td class=\"column-1\">Peur<\/td><td class=\"column-2\">Mimulus <br \/>\r\n Cherry Plum <br \/>\r\n Aspen <br \/>\r\n Res Chestnut <br \/>\r\n Rock Rose <\/td><td class=\"column-3\">Muscade <br \/>\r\n Prunus <br \/>\r\n Tremble <br \/>\r\n Marronnier rouge <br \/>\r\n H\u00e9lianth\u00e8me <\/td>\n<\/tr>\n<tr class=\"row-3\">\n\t<td class=\"column-1\">Hypersensibilit\u00e9 aux influences et aux id\u00e9es des autres<\/td><td class=\"column-2\">Centaury <br \/>\r\n Agrimony <br \/>\r\n Walnut <br \/>\r\n Holly <br \/>\r\n<\/td><td class=\"column-3\">Centaur\u00e9e <br \/>\r\n Aigremoine <br \/>\r\n Noyer <br \/>\r\n Houx <br \/>\r\n<\/td>\n<\/tr>\n<tr class=\"row-4\">\n\t<td class=\"column-1\">Solitude<\/td><td class=\"column-2\">Heather <br \/>\r\nWater Violet <br \/>\r\nImpatiens <\/td><td class=\"column-3\">Bruy\u00e8re <br \/>\r\nViolette d'eau <br \/>\r\nImpatiente <\/td>\n<\/tr>\n<tr class=\"row-5\">\n\t<td class=\"column-1\">Doute<\/td><td class=\"column-2\">Cerato <br \/>\r\nGorse <br \/>\r\nScleranthus <br \/>\r\nHornbeam <br \/>\r\nGentian <br \/>\r\nWild Oat <\/td><td class=\"column-3\">Plumbago <br \/>\r\nAjonc <br \/>\r\nAl\u00e8ne <br \/>\r\nCharme <br \/>\r\nGentiane <br \/>\r\nFol d'Avoine <\/td>\n<\/tr>\n<tr class=\"row-6\">\n\t<td class=\"column-1\">Souci excessif du bien-\u00eatre d'autrui<\/td><td class=\"column-2\">Vervain <br \/>\r\nChicory <br \/>\r\nVine <br \/>\r\nRock Water <br \/>\r\nBeech <\/td><td class=\"column-3\">Verveine <br \/>\r\nChicor\u00e9e <br \/>\r\nVigne <br \/>\r\nEau de Roche <br \/>\r\nH\u00eatre <\/td>\n<\/tr>\n<tr class=\"row-7\">\n\t<td class=\"column-1\">D\u00e9sint\u00e9r\u00eat<\/td><td class=\"column-2\">Clematis <br \/>\r\nWhite Chestnut <br \/>\r\nHoney Suckle <br \/>\r\nMustard <br \/>\r\nWild Rose <br \/>\r\nChestnut Bud <br \/>\r\nOlive <\/td><td class=\"column-3\">Cl\u00e9matite <br \/>\r\nMarronnier blanc <br \/>\r\nCh\u00e8vrefeuille <br \/>\r\nMoutarde <br \/>\r\nEglantier <br \/>\r\nBourgeon du marronnier <br \/>\r\nOlivier <\/td>\n<\/tr>\n<tr class=\"row-8\">\n\t<td class=\"column-1\">Abattement - D\u00e9sespoir<\/td><td class=\"column-2\">Pine <br \/>\r\nWillow <br \/>\r\nElm <br \/>\r\nOak <br \/>\r\nStar Of Bethelem <br \/>\r\nCrab Apple <br \/>\r\nSweet Chestnut <br \/>\r\nLarch <\/td><td class=\"column-3\">Pin sylvestre <br \/>\r\nSaule <br \/>\r\nOrme <br \/>\r\nCh\u00eane <br \/>\r\nEtoile de Bethl\u00e9em <br \/>\r\nPomme sauvage <br \/>\r\nCh\u00e2taignier <br \/>\r\nM\u00e9l\u00e8ze <\/td>\n<\/tr>\n<\/tbody>\n<\/table>\n<!-- #tablepress-1 from cache --><\/span><\/p>\n","protected":false},"excerpt":{"rendered":"<p>\u00a0 Les Fleurs de Bach sont des pr\u00e9parations \u00e0 base de plantes et de fleurs con\u00e7ues chacune sp\u00e9cifiquement pour cibler un probl\u00e8me. Entre 1930 et&hellip;<\/p>\n","protected":false},"author":1,"featured_media":0,"parent":0,"menu_order":8,"comment_status":"closed","ping_status":"closed","template":"","meta":{"footnotes":""},"class_list":["post-35","page","type-page","status-publish","hentry"],"_links":{"self":[{"href":"https:\/\/www.estelle-halm.fr\/index.php?rest_route=\/wp\/v2\/pages\/35","targetHints":{"allow":["GET"]}}],"collection":[{"href":"https:\/\/www.estelle-halm.fr\/index.php?rest_route=\/wp\/v2\/pages"}],"about":[{"href":"https:\/\/www.estelle-halm.fr\/index.php?rest_route=\/wp\/v2\/types\/page"}],"author":[{"embeddable":true,"href":"https:\/\/www.estelle-halm.fr\/index.php?rest_route=\/wp\/v2\/users\/1"}],"replies":[{"embeddable":true,"href":"https:\/\/www.estelle-halm.fr\/index.php?rest_route=%2Fwp%2Fv2%2Fcomments&post=35"}],"version-history":[{"count":11,"href":"https:\/\/www.estelle-halm.fr\/index.php?rest_route=\/wp\/v2\/pages\/35\/revisions"}],"predecessor-version":[{"id":282,"href":"https:\/\/www.estelle-halm.fr\/index.php?rest_route=\/wp\/v2\/pages\/35\/revisions\/282"}],"wp:attachment":[{"href":"https:\/\/www.estelle-halm.fr\/index.php?rest_route=%2Fwp%2Fv2%2Fmedia&parent=35"}],"curies":[{"name":"wp","href":"https:\/\/api.w.org\/{rel}","templated":true}]}}