{"id":2,"date":"2014-06-20T15:24:52","date_gmt":"2014-06-20T14:24:52","guid":{"rendered":"http:\/\/www.estelle-halm.fr\/\/?page_id=2"},"modified":"2024-09-13T07:50:40","modified_gmt":"2024-09-13T06:50:40","slug":"accueil","status":"publish","type":"page","link":"https:\/\/www.estelle-halm.fr\/","title":{"rendered":"Accueil"},"content":{"rendered":"<hr \/>\n<p style=\"text-align: center;\" align=\"center\"><span style=\"font-size: 18pt; font-family: verdana, geneva; color: #c0c0c0;\"><em>La vie c&rsquo;est plus qu&rsquo;un c\u0153ur qui bat &#8230;<\/em><\/span><\/p>\n<p style=\"text-align: center;\" align=\"center\"><span style=\"font-size: 18pt; font-family: verdana, geneva;\"><em><span style=\"color: #000080;\"><span style=\"color: #c0c0c0;\">&#8230; C&rsquo;est ce que l&rsquo;on\u00a0en fait<\/span><\/span><\/em><\/span><\/p>\n<hr \/>\n<p style=\"text-align: justify;\"><span style=\"font-family: verdana, geneva; font-size: 14pt; color: #808080;\">J\u2019accompagne depuis 2005 dans le cadre de mon cabinet, adultes et enfants en difficult\u00e9s personnelles, familiales ou professionnelles.<\/span><\/p>\n<p style=\"text-align: justify;\"><span style=\"font-family: verdana, geneva; font-size: 14pt; color: #808080;\">\u00a0<\/span><\/p>\n<p style=\"text-align: justify;\"><span style=\"font-family: verdana, geneva; font-size: 14pt; color: #808080;\">Form\u00e9e en Constellations familiales (C\u00e9line Bourouaha), en Psychosomatique Clinique (d\u00e9codage biologique avec Salomon Sellam), en Psychog\u00e9n\u00e9alogie (Agn\u00e8s Paoli), \u00a0en Somatic Experiencing (travail sur les traumatismes, Dr Peter Levine), en Kin\u00e9siologie, en Sophrologie, en Enn\u00e9agramme, en Fleurs de Bach, j\u2019interviens en individuel, en groupe et th\u00e9rapie de couple.<\/span><\/p>\n<p style=\"text-align: justify;\"><span style=\"font-family: verdana, geneva;\">\u00a0<\/span><\/p>\n<p><span style=\"font-family: verdana, geneva;\">\u00a0<\/span><\/p>\n<p style=\"text-align: center;\" align=\"center\"><span style=\"font-size: 14pt; font-family: verdana, geneva;\"><span style=\"color: #000080;\"><b><img loading=\"lazy\" decoding=\"async\" class=\"alignnone size-medium wp-image-249\" src=\"https:\/\/www.estelle-halm.fr\/wp-content\/uploads\/2014\/06\/Photo-300x300.jpeg\" alt=\"Photo\" width=\"300\" height=\"300\" srcset=\"https:\/\/www.estelle-halm.fr\/wp-content\/uploads\/2014\/06\/Photo-300x300.jpeg 300w, https:\/\/www.estelle-halm.fr\/wp-content\/uploads\/2014\/06\/Photo-150x150.jpeg 150w, https:\/\/www.estelle-halm.fr\/wp-content\/uploads\/2014\/06\/Photo-1024x1021.jpeg 1024w, https:\/\/www.estelle-halm.fr\/wp-content\/uploads\/2014\/06\/Photo.jpeg 1083w\" sizes=\"auto, (max-width: 300px) 100vw, 300px\" \/><\/b><\/span><\/span><\/p>\n<p style=\"text-align: center;\" align=\"center\"><span style=\"font-size: 14pt; font-family: verdana, geneva; color: #808080;\"><b>Estelle Halm<\/b>\u00a0<\/span><\/p>\n<p style=\"text-align: center;\" align=\"center\"><span style=\"font-size: 14pt; font-family: verdana, geneva; color: #808080;\">Cabinet de Psychosomatique\u00a0<\/span><\/p>\n<p style=\"text-align: center;\" align=\"center\"><span style=\"font-size: 14pt; font-family: verdana, geneva; color: #808080;\"><strong>Mulhouse et Hirsingue <\/strong><strong>T\u00e9l: 06.22.11.36.62\u00a0<\/strong><\/span><\/p>\n<p style=\"text-align: center;\" align=\"center\"><span style=\"font-size: 14pt; font-family: verdana, geneva; color: #808080;\"><strong>E-mail:\u00a0<a href=\"mailto:contact@estelle-halm.fr\">contact@estelle-halm.fr<\/a><\/strong>\u00a0<\/span><\/p>\n<p><span style=\"font-family: verdana, geneva;\">\u00a0<\/span><\/p>\n","protected":false},"excerpt":{"rendered":"<p>La vie c&rsquo;est plus qu&rsquo;un c\u0153ur qui bat &#8230; &#8230; C&rsquo;est ce que l&rsquo;on\u00a0en fait J\u2019accompagne depuis 2005 dans le cadre de mon cabinet, adultes&hellip;<\/p>\n","protected":false},"author":1,"featured_media":0,"parent":0,"menu_order":0,"comment_status":"closed","ping_status":"closed","template":"","meta":{"footnotes":""},"class_list":["post-2","page","type-page","status-publish","hentry"],"_links":{"self":[{"href":"https:\/\/www.estelle-halm.fr\/index.php?rest_route=\/wp\/v2\/pages\/2","targetHints":{"allow":["GET"]}}],"collection":[{"href":"https:\/\/www.estelle-halm.fr\/index.php?rest_route=\/wp\/v2\/pages"}],"about":[{"href":"https:\/\/www.estelle-halm.fr\/index.php?rest_route=\/wp\/v2\/types\/page"}],"author":[{"embeddable":true,"href":"https:\/\/www.estelle-halm.fr\/index.php?rest_route=\/wp\/v2\/users\/1"}],"replies":[{"embeddable":true,"href":"https:\/\/www.estelle-halm.fr\/index.php?rest_route=%2Fwp%2Fv2%2Fcomments&post=2"}],"version-history":[{"count":69,"href":"https:\/\/www.estelle-halm.fr\/index.php?rest_route=\/wp\/v2\/pages\/2\/revisions"}],"predecessor-version":[{"id":732,"href":"https:\/\/www.estelle-halm.fr\/index.php?rest_route=\/wp\/v2\/pages\/2\/revisions\/732"}],"wp:attachment":[{"href":"https:\/\/www.estelle-halm.fr\/index.php?rest_route=%2Fwp%2Fv2%2Fmedia&parent=2"}],"curies":[{"name":"wp","href":"https:\/\/api.w.org\/{rel}","templated":true}]}}